{"id":143,"date":"2019-08-20T06:04:10","date_gmt":"2019-08-20T06:04:10","guid":{"rendered":"https:\/\/sotanoabogados.com\/wordpress\/index.php\/contact\/"},"modified":"2024-09-19T08:52:25","modified_gmt":"2024-09-19T08:52:25","slug":"contacto-abogado-fuengirola-mijas","status":"publish","type":"page","link":"https:\/\/sotanoabogados.com\/index.php\/contacto-abogado-fuengirola-mijas\/","title":{"rendered":"Contacto Despacho Abogado Fuengirola Mijas"},"content":{"rendered":"\t\t<div data-elementor-type=\"wp-page\" data-elementor-id=\"143\" class=\"elementor elementor-143\">\n\t\t\t\t\t\t<section class=\"elementor-section elementor-top-section elementor-element elementor-element-5027b417 elementor-section-boxed elementor-section-height-default elementor-section-height-default\" data-id=\"5027b417\" data-element_type=\"section\" data-e-type=\"section\">\n\t\t\t\t\t\t<div class=\"elementor-container elementor-column-gap-default\">\n\t\t\t\t\t<div class=\"elementor-column elementor-col-100 elementor-top-column elementor-element elementor-element-7c521314\" data-id=\"7c521314\" data-element_type=\"column\" data-e-type=\"column\">\n\t\t\t<div class=\"elementor-widget-wrap elementor-element-populated\">\n\t\t\t\t\t\t<div class=\"elementor-element elementor-element-5dfe8eee elementor-widget__width-initial elementor-widget elementor-widget-text-editor\" data-id=\"5dfe8eee\" data-element_type=\"widget\" data-e-type=\"widget\" data-widget_type=\"text-editor.default\">\n\t\t\t\t<div class=\"elementor-widget-container\">\n\t\t\t\t\t\t\t\t\t<h2>\u00a0<\/h2><h2>\u00a0<\/h2><h2>CONTACTO<\/h2><p><img decoding=\"async\" src=\"https:\/\/sotanoabogados.com\/wp-content\/uploads\/2021\/09\/Recurso-2@300x-8.png\" alt=\"\" width=\"28\" height=\"28\" \/>\u00a0Ll\u00e1manos: 952-46-85-04<\/p><p>607-31-06-56<\/p><p>652-67-33-03<\/p><h6>\u00a0<\/h6><h6 style=\"font-style: normal; text-align: justify;\"><u><a href=\"https:\/\/sotanoabogados.com\/index.php\/contact-abogado-fuengirola-mijas\/\">Contacte con nosotros.<\/a><\/u><\/h6><h6 style=\"font-style: normal; text-align: justify;\"><i>Nuestros abogados atender\u00e1n su consulta a la mayor brevedad,<\/i>\u00a0<i>d\u00e1ndole una PRIMERA IMPRESI\u00d3N sobre la soluci\u00f3n a su problema, y posteriormente, si as\u00ed es su deseo le remitiremos un PRESUPUESTO DE HONORARIOS en un plazo de 24 horas.<\/i><\/h6><h6 style=\"font-style: normal; text-align: justify;\"><i>Le indicamos igualmente que si usted lo prefiere puede solicitar cita previa online para acudir a nuestro despacho personalmente.<\/i><\/h6><h6 style=\"font-style: normal; text-align: justify;\"><i><a href=\"https:\/\/sotanoabogados.com\/index.php\/contact-abogado-fuengirola-mijas\/\">SOTANO ABOGADOS &amp; ASOCIADOS,<\/a> en FUENGIROLA y MIJAS. Ven a conocernos en Calle Ricardo Le\u00f3n n\u00ba13, Bajo\u00ba-D, 29640, Fuengirola, M\u00e1laga, Espa\u00f1a.<\/i><\/h6><h2 style=\"font-size: 19px; font-style: normal; margin-bottom: 0px; text-align: center;\" data-elementor-setting-key=\"title\" data-pen-placeholder=\"Teclea aqu\u00ed...\"><a href=\"https:\/\/www.google.com\/maps\/dir\/\/C.+Ricardo+Le%C3%B3n,+13+29640+Fuengirola+M%C3%A1laga\/@36.5432285,-4.6311331,16z\/data=!4m5!4m4!1m0!1m2!1m1!1s0xd72e23dba432e3b:0xc0494b9dc7675bb4\">UBICACI\u00d3N<\/a><\/h2><p><iframe title=\"Calle Ricardo Le\u00f3n, 13, Fuengirola\" src=\"https:\/\/maps.google.com\/maps?q=Calle%20Ricardo%20Le%C3%B3n%2C%2013%2C%20Fuengirola&amp;t=m&amp;z=16&amp;output=embed&amp;iwloc=near\" frameborder=\"0\" marginwidth=\"0\" marginheight=\"0\" scrolling=\"no\" aria-label=\"Calle Ricardo Le\u00f3n, 13, Fuengirola\"><\/iframe><\/p>\t\t\t\t\t\t\t\t<\/div>\n\t\t\t\t<\/div>\n\t\t\t\t\t<\/div>\n\t\t<\/div>\n\t\t\t\t\t<\/div>\n\t\t<\/section>\n\t\t\t\t<\/div>\n\t\t","protected":false},"excerpt":{"rendered":"<p>\u00a0 \u00a0 CONTACTO \u00a0Ll\u00e1manos: 952-46-85-04 607-31-06-56 652-67-33-03 \u00a0 Contacte con nosotros. Nuestros abogados atender\u00e1n su consulta a la mayor brevedad,\u00a0d\u00e1ndole una PRIMERA IMPRESI\u00d3N sobre la soluci\u00f3n a su problema, y posteriormente, si as\u00ed es su deseo le remitiremos un PRESUPUESTO DE HONORARIOS en un plazo de 24 horas. Le indicamos igualmente que si usted lo [&hellip;]<\/p>\n","protected":false},"author":1,"featured_media":0,"parent":0,"menu_order":0,"comment_status":"closed","ping_status":"closed","template":"","meta":{"_uag_custom_page_level_css":"","site-sidebar-layout":"no-sidebar","site-content-layout":"page-builder","ast-site-content-layout":"default","site-content-style":"default","site-sidebar-style":"default","ast-global-header-display":"","ast-banner-title-visibility":"","ast-main-header-display":"","ast-hfb-above-header-display":"","ast-hfb-below-header-display":"","ast-hfb-mobile-header-display":"","site-post-title":"disabled","ast-breadcrumbs-content":"","ast-featured-img":"disabled","footer-sml-layout":"","ast-disable-related-posts":"","theme-transparent-header-meta":"default","adv-header-id-meta":"","stick-header-meta":"","header-above-stick-meta":"","header-main-stick-meta":"","header-below-stick-meta":"","astra-migrate-meta-layouts":"default","ast-page-background-enabled":"default","ast-page-background-meta":{"desktop":{"background-color":"","background-image":"","background-repeat":"repeat","background-position":"center center","background-size":"auto","background-attachment":"scroll","background-type":"","background-media":"","overlay-type":"","overlay-color":"","overlay-opacity":"","overlay-gradient":""},"tablet":{"background-color":"","background-image":"","background-repeat":"repeat","background-position":"center center","background-size":"auto","background-attachment":"scroll","background-type":"","background-media":"","overlay-type":"","overlay-color":"","overlay-opacity":"","overlay-gradient":""},"mobile":{"background-color":"","background-image":"","background-repeat":"repeat","background-position":"center center","background-size":"auto","background-attachment":"scroll","background-type":"","background-media":"","overlay-type":"","overlay-color":"","overlay-opacity":"","overlay-gradient":""}},"ast-content-background-meta":{"desktop":{"background-color":"var(--ast-global-color-5)","background-image":"","background-repeat":"repeat","background-position":"center center","background-size":"auto","background-attachment":"scroll","background-type":"","background-media":"","overlay-type":"","overlay-color":"","overlay-opacity":"","overlay-gradient":""},"tablet":{"background-color":"var(--ast-global-color-5)","background-image":"","background-repeat":"repeat","background-position":"center center","background-size":"auto","background-attachment":"scroll","background-type":"","background-media":"","overlay-type":"","overlay-color":"","overlay-opacity":"","overlay-gradient":""},"mobile":{"background-color":"var(--ast-global-color-5)","background-image":"","background-repeat":"repeat","background-position":"center center","background-size":"auto","background-attachment":"scroll","background-type":"","background-media":"","overlay-type":"","overlay-color":"","overlay-opacity":"","overlay-gradient":""}},"_joinchat":[],"footnotes":""},"class_list":["post-143","page","type-page","status-publish","hentry"],"yoast_head":"<!-- This site is optimized with the Yoast SEO plugin v27.1.1 - https:\/\/yoast.com\/product\/yoast-seo-wordpress\/ -->\n<title>Contacto Despacho Abogado Fuengirola Mijas - Sotano Abogados<\/title>\n<meta name=\"description\" content=\"Contacto SOTANO ABOGADOS, en Fuengirola y Mijas. Ven a conocernos en Calle Ricardo Le\u00f3n n\u00ba13, Bajo\u00ba-D, 29640, Fuengirola, M\u00e1laga.\" \/>\n<meta name=\"robots\" content=\"index, follow, max-snippet:-1, max-image-preview:large, max-video-preview:-1\" \/>\n<link rel=\"canonical\" href=\"https:\/\/sotanoabogados.com\/index.php\/contacto-abogado-fuengirola-mijas\/\" \/>\n<meta property=\"og:locale\" content=\"es_ES\" \/>\n<meta property=\"og:type\" content=\"article\" \/>\n<meta property=\"og:title\" content=\"Contacto Despacho Abogado Fuengirola Mijas - Sotano Abogados\" \/>\n<meta property=\"og:description\" content=\"Contacto SOTANO ABOGADOS, en Fuengirola y Mijas. Ven a conocernos en Calle Ricardo Le\u00f3n n\u00ba13, Bajo\u00ba-D, 29640, Fuengirola, M\u00e1laga.\" \/>\n<meta property=\"og:url\" content=\"https:\/\/sotanoabogados.com\/index.php\/contacto-abogado-fuengirola-mijas\/\" \/>\n<meta property=\"og:site_name\" content=\"Sotano Abogados\" \/>\n<meta property=\"article:modified_time\" content=\"2024-09-19T08:52:25+00:00\" \/>\n<meta property=\"og:image\" content=\"https:\/\/sotanoabogados.com\/wp-content\/uploads\/2021\/09\/Recurso-2@300x-8.png\" \/>\n<meta name=\"twitter:card\" content=\"summary_large_image\" \/>\n<meta name=\"twitter:label1\" content=\"Tiempo de lectura\" \/>\n\t<meta name=\"twitter:data1\" content=\"1 minuto\" \/>\n<script type=\"application\/ld+json\" class=\"yoast-schema-graph\">{\"@context\":\"https:\/\/schema.org\",\"@graph\":[{\"@type\":\"WebPage\",\"@id\":\"https:\/\/sotanoabogados.com\/index.php\/contacto-abogado-fuengirola-mijas\/\",\"url\":\"https:\/\/sotanoabogados.com\/index.php\/contacto-abogado-fuengirola-mijas\/\",\"name\":\"Contacto Despacho Abogado Fuengirola Mijas - Sotano Abogados\",\"isPartOf\":{\"@id\":\"https:\/\/sotanoabogados.com\/#website\"},\"primaryImageOfPage\":{\"@id\":\"https:\/\/sotanoabogados.com\/index.php\/contacto-abogado-fuengirola-mijas\/#primaryimage\"},\"image\":{\"@id\":\"https:\/\/sotanoabogados.com\/index.php\/contacto-abogado-fuengirola-mijas\/#primaryimage\"},\"thumbnailUrl\":\"https:\/\/sotanoabogados.com\/wp-content\/uploads\/2021\/09\/Recurso-2@300x-8.png\",\"datePublished\":\"2019-08-20T06:04:10+00:00\",\"dateModified\":\"2024-09-19T08:52:25+00:00\",\"description\":\"Contacto SOTANO ABOGADOS, en Fuengirola y Mijas. Ven a conocernos en Calle Ricardo Le\u00f3n n\u00ba13, Bajo\u00ba-D, 29640, Fuengirola, M\u00e1laga.\",\"breadcrumb\":{\"@id\":\"https:\/\/sotanoabogados.com\/index.php\/contacto-abogado-fuengirola-mijas\/#breadcrumb\"},\"inLanguage\":\"es\",\"potentialAction\":[{\"@type\":\"ReadAction\",\"target\":[\"https:\/\/sotanoabogados.com\/index.php\/contacto-abogado-fuengirola-mijas\/\"]}]},{\"@type\":\"ImageObject\",\"inLanguage\":\"es\",\"@id\":\"https:\/\/sotanoabogados.com\/index.php\/contacto-abogado-fuengirola-mijas\/#primaryimage\",\"url\":\"https:\/\/sotanoabogados.com\/wp-content\/uploads\/2021\/09\/Recurso-2@300x-8.png\",\"contentUrl\":\"https:\/\/sotanoabogados.com\/wp-content\/uploads\/2021\/09\/Recurso-2@300x-8.png\",\"width\":56,\"height\":56},{\"@type\":\"BreadcrumbList\",\"@id\":\"https:\/\/sotanoabogados.com\/index.php\/contacto-abogado-fuengirola-mijas\/#breadcrumb\",\"itemListElement\":[{\"@type\":\"ListItem\",\"position\":1,\"name\":\"Portada\",\"item\":\"https:\/\/sotanoabogados.com\/\"},{\"@type\":\"ListItem\",\"position\":2,\"name\":\"Contacto Despacho Abogado Fuengirola Mijas\"}]},{\"@type\":\"WebSite\",\"@id\":\"https:\/\/sotanoabogados.com\/#website\",\"url\":\"https:\/\/sotanoabogados.com\/\",\"name\":\"Sotano Abogados\",\"description\":\"Despacho de Abogados en M\u00e1laga\",\"publisher\":{\"@id\":\"https:\/\/sotanoabogados.com\/#organization\"},\"potentialAction\":[{\"@type\":\"SearchAction\",\"target\":{\"@type\":\"EntryPoint\",\"urlTemplate\":\"https:\/\/sotanoabogados.com\/?s={search_term_string}\"},\"query-input\":{\"@type\":\"PropertyValueSpecification\",\"valueRequired\":true,\"valueName\":\"search_term_string\"}}],\"inLanguage\":\"es\"},{\"@type\":\"Organization\",\"@id\":\"https:\/\/sotanoabogados.com\/#organization\",\"name\":\"Sotano Abogados\",\"url\":\"https:\/\/sotanoabogados.com\/\",\"logo\":{\"@type\":\"ImageObject\",\"inLanguage\":\"es\",\"@id\":\"https:\/\/sotanoabogados.com\/#\/schema\/logo\/image\/\",\"url\":\"https:\/\/sotanoabogados.com\/wp-content\/uploads\/2021\/09\/LOGO-NASHO-4.png\",\"contentUrl\":\"https:\/\/sotanoabogados.com\/wp-content\/uploads\/2021\/09\/LOGO-NASHO-4.png\",\"width\":3216,\"height\":766,\"caption\":\"Sotano Abogados\"},\"image\":{\"@id\":\"https:\/\/sotanoabogados.com\/#\/schema\/logo\/image\/\"}}]}<\/script>\n<!-- \/ Yoast SEO plugin. -->","yoast_head_json":{"title":"Contacto Despacho Abogado Fuengirola Mijas - Sotano Abogados","description":"Contacto SOTANO ABOGADOS, en Fuengirola y Mijas. Ven a conocernos en Calle Ricardo Le\u00f3n n\u00ba13, Bajo\u00ba-D, 29640, Fuengirola, M\u00e1laga.","robots":{"index":"index","follow":"follow","max-snippet":"max-snippet:-1","max-image-preview":"max-image-preview:large","max-video-preview":"max-video-preview:-1"},"canonical":"https:\/\/sotanoabogados.com\/index.php\/contacto-abogado-fuengirola-mijas\/","og_locale":"es_ES","og_type":"article","og_title":"Contacto Despacho Abogado Fuengirola Mijas - Sotano Abogados","og_description":"Contacto SOTANO ABOGADOS, en Fuengirola y Mijas. Ven a conocernos en Calle Ricardo Le\u00f3n n\u00ba13, Bajo\u00ba-D, 29640, Fuengirola, M\u00e1laga.","og_url":"https:\/\/sotanoabogados.com\/index.php\/contacto-abogado-fuengirola-mijas\/","og_site_name":"Sotano Abogados","article_modified_time":"2024-09-19T08:52:25+00:00","og_image":[{"url":"https:\/\/sotanoabogados.com\/wp-content\/uploads\/2021\/09\/Recurso-2@300x-8.png","type":"","width":"","height":""}],"twitter_card":"summary_large_image","twitter_misc":{"Tiempo de lectura":"1 minuto"},"schema":{"@context":"https:\/\/schema.org","@graph":[{"@type":"WebPage","@id":"https:\/\/sotanoabogados.com\/index.php\/contacto-abogado-fuengirola-mijas\/","url":"https:\/\/sotanoabogados.com\/index.php\/contacto-abogado-fuengirola-mijas\/","name":"Contacto Despacho Abogado Fuengirola Mijas - Sotano Abogados","isPartOf":{"@id":"https:\/\/sotanoabogados.com\/#website"},"primaryImageOfPage":{"@id":"https:\/\/sotanoabogados.com\/index.php\/contacto-abogado-fuengirola-mijas\/#primaryimage"},"image":{"@id":"https:\/\/sotanoabogados.com\/index.php\/contacto-abogado-fuengirola-mijas\/#primaryimage"},"thumbnailUrl":"https:\/\/sotanoabogados.com\/wp-content\/uploads\/2021\/09\/Recurso-2@300x-8.png","datePublished":"2019-08-20T06:04:10+00:00","dateModified":"2024-09-19T08:52:25+00:00","description":"Contacto SOTANO ABOGADOS, en Fuengirola y Mijas. Ven a conocernos en Calle Ricardo Le\u00f3n n\u00ba13, Bajo\u00ba-D, 29640, Fuengirola, M\u00e1laga.","breadcrumb":{"@id":"https:\/\/sotanoabogados.com\/index.php\/contacto-abogado-fuengirola-mijas\/#breadcrumb"},"inLanguage":"es","potentialAction":[{"@type":"ReadAction","target":["https:\/\/sotanoabogados.com\/index.php\/contacto-abogado-fuengirola-mijas\/"]}]},{"@type":"ImageObject","inLanguage":"es","@id":"https:\/\/sotanoabogados.com\/index.php\/contacto-abogado-fuengirola-mijas\/#primaryimage","url":"https:\/\/sotanoabogados.com\/wp-content\/uploads\/2021\/09\/Recurso-2@300x-8.png","contentUrl":"https:\/\/sotanoabogados.com\/wp-content\/uploads\/2021\/09\/Recurso-2@300x-8.png","width":56,"height":56},{"@type":"BreadcrumbList","@id":"https:\/\/sotanoabogados.com\/index.php\/contacto-abogado-fuengirola-mijas\/#breadcrumb","itemListElement":[{"@type":"ListItem","position":1,"name":"Portada","item":"https:\/\/sotanoabogados.com\/"},{"@type":"ListItem","position":2,"name":"Contacto Despacho Abogado Fuengirola Mijas"}]},{"@type":"WebSite","@id":"https:\/\/sotanoabogados.com\/#website","url":"https:\/\/sotanoabogados.com\/","name":"Sotano Abogados","description":"Despacho de Abogados en M\u00e1laga","publisher":{"@id":"https:\/\/sotanoabogados.com\/#organization"},"potentialAction":[{"@type":"SearchAction","target":{"@type":"EntryPoint","urlTemplate":"https:\/\/sotanoabogados.com\/?s={search_term_string}"},"query-input":{"@type":"PropertyValueSpecification","valueRequired":true,"valueName":"search_term_string"}}],"inLanguage":"es"},{"@type":"Organization","@id":"https:\/\/sotanoabogados.com\/#organization","name":"Sotano Abogados","url":"https:\/\/sotanoabogados.com\/","logo":{"@type":"ImageObject","inLanguage":"es","@id":"https:\/\/sotanoabogados.com\/#\/schema\/logo\/image\/","url":"https:\/\/sotanoabogados.com\/wp-content\/uploads\/2021\/09\/LOGO-NASHO-4.png","contentUrl":"https:\/\/sotanoabogados.com\/wp-content\/uploads\/2021\/09\/LOGO-NASHO-4.png","width":3216,"height":766,"caption":"Sotano Abogados"},"image":{"@id":"https:\/\/sotanoabogados.com\/#\/schema\/logo\/image\/"}}]}},"uagb_featured_image_src":{"full":false,"thumbnail":false,"medium":false,"medium_large":false,"large":false,"1536x1536":false,"2048x2048":false},"uagb_author_info":{"display_name":"admin","author_link":"https:\/\/sotanoabogados.com\/index.php\/author\/admin_kp0mw0dh\/"},"uagb_comment_info":0,"uagb_excerpt":"\u00a0 \u00a0 CONTACTO \u00a0Ll\u00e1manos: 952-46-85-04 607-31-06-56 652-67-33-03 \u00a0 Contacte con nosotros. Nuestros abogados atender\u00e1n su consulta a la mayor brevedad,\u00a0d\u00e1ndole una PRIMERA IMPRESI\u00d3N sobre la soluci\u00f3n a su problema, y posteriormente, si as\u00ed es su deseo le remitiremos un PRESUPUESTO DE HONORARIOS en un plazo de 24 horas. Le indicamos igualmente que si usted lo&hellip;","_links":{"self":[{"href":"https:\/\/sotanoabogados.com\/index.php\/wp-json\/wp\/v2\/pages\/143","targetHints":{"allow":["GET"]}}],"collection":[{"href":"https:\/\/sotanoabogados.com\/index.php\/wp-json\/wp\/v2\/pages"}],"about":[{"href":"https:\/\/sotanoabogados.com\/index.php\/wp-json\/wp\/v2\/types\/page"}],"author":[{"embeddable":true,"href":"https:\/\/sotanoabogados.com\/index.php\/wp-json\/wp\/v2\/users\/1"}],"replies":[{"embeddable":true,"href":"https:\/\/sotanoabogados.com\/index.php\/wp-json\/wp\/v2\/comments?post=143"}],"version-history":[{"count":107,"href":"https:\/\/sotanoabogados.com\/index.php\/wp-json\/wp\/v2\/pages\/143\/revisions"}],"predecessor-version":[{"id":2320,"href":"https:\/\/sotanoabogados.com\/index.php\/wp-json\/wp\/v2\/pages\/143\/revisions\/2320"}],"wp:attachment":[{"href":"https:\/\/sotanoabogados.com\/index.php\/wp-json\/wp\/v2\/media?parent=143"}],"curies":[{"name":"wp","href":"https:\/\/api.w.org\/{rel}","templated":true}]}}